{"id":2051,"date":"2022-07-10T09:34:53","date_gmt":"2022-07-10T08:34:53","guid":{"rendered":"https:\/\/www.vulcanooceancharter.com\/privacy-policy\/"},"modified":"2022-10-02T21:16:20","modified_gmt":"2022-10-02T20:16:20","slug":"privacy-policy","status":"publish","type":"page","link":"https:\/\/www.vulcanooceancharter.com\/en\/privacy-policy\/","title":{"rendered":"Privacy Policy"},"content":{"rendered":"\n<p>In accordance with the Organic Law on Protection of Personal Data and Guarantee of Digital Rights (LOPDGDD 3\/2018) and with the General Data Protection Regulation (RGPD UE 2016\/679) we make the following information available to you:<\/p>\n\n<figure class=\"wp-block-table\"><table><tbody><tr><td><strong>INFORMACI\u00d3N B\u00c1SICA DE PROTECCI\u00d3N DE DATOS <\/strong><strong>Responsable<\/strong><\/td><td><strong>Vulcano Ocean Charter S.L<\/strong><\/td><\/tr><tr><td><strong>Finalidad<\/strong><\/td><td>Atender las solicitudes de informaci\u00f3n realizadas a trav\u00e9s de la web.<br\/>Gesti\u00f3n de pedidos a trav\u00e9s nuestra tienda on-line.<br\/>Facilitar a los interesados informaci\u00f3n comercial de nuestras promociones y\/o servicios a trav\u00e9s de nuestra newsletter.<\/td><\/tr><tr><td><strong>Legitimaci\u00f3n<\/strong><\/td><td>Consentimiento del interesado.<\/td><\/tr><tr><td><strong>Destinatarios<\/strong><\/td><td>No se ceder\u00e1n datos a terceros salvo obligaci\u00f3n legal o en el supuesto que sea necesario para atender su solicitud.<\/td><\/tr><tr><td><strong>Derechos<\/strong><\/td><td>Podr\u00e1 ejercer los derechos de acceso, rectificaci\u00f3n, supresi\u00f3n y oposici\u00f3n, limitaci\u00f3n del tratamiento, portabilidad de datos.<\/td><\/tr><\/tbody><\/table><\/figure>\n\n<h3 class=\"wp-block-heading\"><strong>\u00bfQUI\u00c9N VA A TRATAR MIS DATOS?<\/strong><\/h3>\n\n<p>El responsable del tratamiento de sus datos es Vulcano Ocean Charter S.L con CIF B16781916 y direcci\u00f3n en C\/ Su\u00e1rez Guerra, 44. 38002. Santa Cruz de Tenerife.<\/p>\n\n<p>Otros datos de contacto:<\/p>\n\n<p>Tel\u00e9fono: 639869575<\/p>\n\n<p>Correo electr\u00f3nico: vulcanooceancharter@gmail.com<\/p>\n\n<h3 class=\"wp-block-heading\"><strong>\u00bfCU\u00c1L ES LA FINALIDAD DEL TRATAMIENTO Y LA BASE LEGAL DEL MISMO?<\/strong><\/h3>\n\n<p>En Vulcano Ocean Charter S.L tratamos la informaci\u00f3n que nos facilitan las personas interesadas con el fin de gestionar sus solicitudes de informaci\u00f3n y cuando proceda gestionar el proceso de venta de los productos que pueda adquirir en nuestra tienda on-line. Adem\u00e1s de facilitar a los interesados ofertas de productos y servicios de su inter\u00e9s.<\/p>\n\n<p>La base legal para el tratamiento de sus datos es el consentimiento diferenciado que presta para las distintas finalidades, a trav\u00e9s de la aceptaci\u00f3n de los consentimientos que se le facilitan en nuestra web, de acuerdo con la pol\u00edtica de privacidad de Vulcano Ocean Charter S.L.<\/p>\n\n<p>*Los datos facilitados por los usuarios ser\u00e1n utilizados para estudios estad\u00edsticos y an\u00e1lisis de perfiles con la finalidad de prestar un mejor servicio a trav\u00e9s de nuestra web, para lo que se utilizar\u00e1 la aplicaci\u00f3n Goggle Analytics<\/p>\n\n<p>Para m\u00e1s informaci\u00f3n consultar nuestra Pol\u00edtica de Cookies.<\/p>\n\n<h3 class=\"wp-block-heading\"><strong>\u00bfA QUI\u00c9N SE CEDER\u00c1N SUS DATOS?<\/strong><\/h3>\n\n<p>No se ceder\u00e1n datos a terceros salvo obligaci\u00f3n legal, o en el supuesto que fuera necesario para el cumplimiento directamente relacionado con las funciones derivadas del servicio.<\/p>\n\n<h3 class=\"wp-block-heading\"><strong>\u00bfPOR CU\u00c1NTO TIEMPO CONSERVAREMOS SUS DATOS?<\/strong><\/h3>\n\n<p>Los datos personales proporcionados se conservar\u00e1n mientras se mantenga la relaci\u00f3n con esta empresa, y no se solicite su supresi\u00f3n por el interesado.<\/p>\n","protected":false},"excerpt":{"rendered":"<p>In accordance with the Organic Law on Protection of Personal Data and Guarantee of Digital Rights (LOPDGDD 3\/2018) and with the General Data Protection Regulation (RGPD UE 2016\/679) we make the following information available to you: INFORMACI\u00d3N B\u00c1SICA DE PROTECCI\u00d3N DE DATOS Responsable Vulcano Ocean Charter S.L Finalidad Atender las solicitudes de informaci\u00f3n realizadas a<a class=\"more-link\" href=\"https:\/\/www.vulcanooceancharter.com\/en\/privacy-policy\/\">Read more  &#10230;<\/a><\/p>\n","protected":false},"author":1,"featured_media":0,"parent":0,"menu_order":0,"comment_status":"closed","ping_status":"closed","template":"page_texto.php","meta":{"_acf_changed":false,"_editorskit_title_hidden":false,"_editorskit_reading_time":0,"_editorskit_is_block_options_detached":false,"_editorskit_block_options_position":"{}","inline_featured_image":false,"footnotes":""},"class_list":["post-2051","page","type-page","status-publish","hentry"],"acf":[],"yoast_head":"<!-- This site is optimized with the Yoast SEO plugin v22.1 - https:\/\/yoast.com\/wordpress\/plugins\/seo\/ -->\n<title>Privacy Policy - Vulcano Ocean Charter<\/title>\n<meta name=\"robots\" content=\"index, follow, max-snippet:-1, max-image-preview:large, max-video-preview:-1\" \/>\n<link rel=\"canonical\" href=\"https:\/\/www.vulcanooceancharter.com\/en\/privacy-policy\/\" \/>\n<meta property=\"og:locale\" content=\"en_US\" \/>\n<meta property=\"og:type\" content=\"article\" \/>\n<meta property=\"og:title\" content=\"Privacy Policy - Vulcano Ocean Charter\" \/>\n<meta property=\"og:description\" content=\"In accordance with the Organic Law on Protection of Personal Data and Guarantee of Digital Rights (LOPDGDD 3\/2018) and with the General Data Protection Regulation (RGPD UE 2016\/679) we make the following information available to you: INFORMACI\u00d3N B\u00c1SICA DE PROTECCI\u00d3N DE DATOS Responsable Vulcano Ocean Charter S.L Finalidad Atender las solicitudes de informaci\u00f3n realizadas aRead more &#10230;\" \/>\n<meta property=\"og:url\" content=\"https:\/\/www.vulcanooceancharter.com\/en\/privacy-policy\/\" \/>\n<meta property=\"og:site_name\" content=\"Vulcano Ocean Charter\" \/>\n<meta property=\"article:publisher\" content=\"https:\/\/www.facebook.com\/VulcanOceanCharter\/\" \/>\n<meta property=\"article:modified_time\" content=\"2022-10-02T20:16:20+00:00\" \/>\n<meta name=\"twitter:card\" content=\"summary_large_image\" \/>\n<meta name=\"twitter:label1\" content=\"Est. reading time\" \/>\n\t<meta name=\"twitter:data1\" content=\"2 minutes\" \/>\n<script type=\"application\/ld+json\" class=\"yoast-schema-graph\">{\"@context\":\"https:\/\/schema.org\",\"@graph\":[{\"@type\":\"WebPage\",\"@id\":\"https:\/\/www.vulcanooceancharter.com\/en\/privacy-policy\/\",\"url\":\"https:\/\/www.vulcanooceancharter.com\/en\/privacy-policy\/\",\"name\":\"Privacy Policy - Vulcano Ocean Charter\",\"isPartOf\":{\"@id\":\"https:\/\/www.vulcanooceancharter.com\/en\/#website\"},\"datePublished\":\"2022-07-10T08:34:53+00:00\",\"dateModified\":\"2022-10-02T20:16:20+00:00\",\"breadcrumb\":{\"@id\":\"https:\/\/www.vulcanooceancharter.com\/en\/privacy-policy\/#breadcrumb\"},\"inLanguage\":\"en-US\",\"potentialAction\":[{\"@type\":\"ReadAction\",\"target\":[\"https:\/\/www.vulcanooceancharter.com\/en\/privacy-policy\/\"]}]},{\"@type\":\"BreadcrumbList\",\"@id\":\"https:\/\/www.vulcanooceancharter.com\/en\/privacy-policy\/#breadcrumb\",\"itemListElement\":[{\"@type\":\"ListItem\",\"position\":1,\"name\":\"Portada\",\"item\":\"https:\/\/www.vulcanooceancharter.com\/en\/\"},{\"@type\":\"ListItem\",\"position\":2,\"name\":\"Privacy Policy\"}]},{\"@type\":\"WebSite\",\"@id\":\"https:\/\/www.vulcanooceancharter.com\/en\/#website\",\"url\":\"https:\/\/www.vulcanooceancharter.com\/en\/\",\"name\":\"Vulcano Ocean Charter\",\"description\":\"Reserva tu viaje en barco para ver los delfines y las ballenas en Tenerife\",\"publisher\":{\"@id\":\"https:\/\/www.vulcanooceancharter.com\/en\/#organization\"},\"potentialAction\":[{\"@type\":\"SearchAction\",\"target\":{\"@type\":\"EntryPoint\",\"urlTemplate\":\"https:\/\/www.vulcanooceancharter.com\/en\/?s={search_term_string}\"},\"query-input\":\"required name=search_term_string\"}],\"inLanguage\":\"en-US\"},{\"@type\":\"Organization\",\"@id\":\"https:\/\/www.vulcanooceancharter.com\/en\/#organization\",\"name\":\"Vulcano Ocean Charter\",\"url\":\"https:\/\/www.vulcanooceancharter.com\/en\/\",\"logo\":{\"@type\":\"ImageObject\",\"inLanguage\":\"en-US\",\"@id\":\"https:\/\/www.vulcanooceancharter.com\/en\/#\/schema\/logo\/image\/\",\"url\":\"https:\/\/www.vulcanooceancharter.com\/wp-content\/uploads\/2024\/01\/VOC-logoweb-160x50-1.png\",\"contentUrl\":\"https:\/\/www.vulcanooceancharter.com\/wp-content\/uploads\/2024\/01\/VOC-logoweb-160x50-1.png\",\"width\":160,\"height\":50,\"caption\":\"Vulcano Ocean Charter\"},\"image\":{\"@id\":\"https:\/\/www.vulcanooceancharter.com\/en\/#\/schema\/logo\/image\/\"},\"sameAs\":[\"https:\/\/www.facebook.com\/VulcanOceanCharter\/\",\"https:\/\/www.instagram.com\/vulcanoceancharter\/\"]}]}<\/script>\n<!-- \/ Yoast SEO plugin. -->","yoast_head_json":{"title":"Privacy Policy - Vulcano Ocean Charter","robots":{"index":"index","follow":"follow","max-snippet":"max-snippet:-1","max-image-preview":"max-image-preview:large","max-video-preview":"max-video-preview:-1"},"canonical":"https:\/\/www.vulcanooceancharter.com\/en\/privacy-policy\/","og_locale":"en_US","og_type":"article","og_title":"Privacy Policy - Vulcano Ocean Charter","og_description":"In accordance with the Organic Law on Protection of Personal Data and Guarantee of Digital Rights (LOPDGDD 3\/2018) and with the General Data Protection Regulation (RGPD UE 2016\/679) we make the following information available to you: INFORMACI\u00d3N B\u00c1SICA DE PROTECCI\u00d3N DE DATOS Responsable Vulcano Ocean Charter S.L Finalidad Atender las solicitudes de informaci\u00f3n realizadas aRead more &#10230;","og_url":"https:\/\/www.vulcanooceancharter.com\/en\/privacy-policy\/","og_site_name":"Vulcano Ocean Charter","article_publisher":"https:\/\/www.facebook.com\/VulcanOceanCharter\/","article_modified_time":"2022-10-02T20:16:20+00:00","twitter_card":"summary_large_image","twitter_misc":{"Est. reading time":"2 minutes"},"schema":{"@context":"https:\/\/schema.org","@graph":[{"@type":"WebPage","@id":"https:\/\/www.vulcanooceancharter.com\/en\/privacy-policy\/","url":"https:\/\/www.vulcanooceancharter.com\/en\/privacy-policy\/","name":"Privacy Policy - Vulcano Ocean Charter","isPartOf":{"@id":"https:\/\/www.vulcanooceancharter.com\/en\/#website"},"datePublished":"2022-07-10T08:34:53+00:00","dateModified":"2022-10-02T20:16:20+00:00","breadcrumb":{"@id":"https:\/\/www.vulcanooceancharter.com\/en\/privacy-policy\/#breadcrumb"},"inLanguage":"en-US","potentialAction":[{"@type":"ReadAction","target":["https:\/\/www.vulcanooceancharter.com\/en\/privacy-policy\/"]}]},{"@type":"BreadcrumbList","@id":"https:\/\/www.vulcanooceancharter.com\/en\/privacy-policy\/#breadcrumb","itemListElement":[{"@type":"ListItem","position":1,"name":"Portada","item":"https:\/\/www.vulcanooceancharter.com\/en\/"},{"@type":"ListItem","position":2,"name":"Privacy Policy"}]},{"@type":"WebSite","@id":"https:\/\/www.vulcanooceancharter.com\/en\/#website","url":"https:\/\/www.vulcanooceancharter.com\/en\/","name":"Vulcano Ocean Charter","description":"Reserva tu viaje en barco para ver los delfines y las ballenas en Tenerife","publisher":{"@id":"https:\/\/www.vulcanooceancharter.com\/en\/#organization"},"potentialAction":[{"@type":"SearchAction","target":{"@type":"EntryPoint","urlTemplate":"https:\/\/www.vulcanooceancharter.com\/en\/?s={search_term_string}"},"query-input":"required name=search_term_string"}],"inLanguage":"en-US"},{"@type":"Organization","@id":"https:\/\/www.vulcanooceancharter.com\/en\/#organization","name":"Vulcano Ocean Charter","url":"https:\/\/www.vulcanooceancharter.com\/en\/","logo":{"@type":"ImageObject","inLanguage":"en-US","@id":"https:\/\/www.vulcanooceancharter.com\/en\/#\/schema\/logo\/image\/","url":"https:\/\/www.vulcanooceancharter.com\/wp-content\/uploads\/2024\/01\/VOC-logoweb-160x50-1.png","contentUrl":"https:\/\/www.vulcanooceancharter.com\/wp-content\/uploads\/2024\/01\/VOC-logoweb-160x50-1.png","width":160,"height":50,"caption":"Vulcano Ocean Charter"},"image":{"@id":"https:\/\/www.vulcanooceancharter.com\/en\/#\/schema\/logo\/image\/"},"sameAs":["https:\/\/www.facebook.com\/VulcanOceanCharter\/","https:\/\/www.instagram.com\/vulcanoceancharter\/"]}]}},"_links":{"self":[{"href":"https:\/\/www.vulcanooceancharter.com\/en\/wp-json\/wp\/v2\/pages\/2051","targetHints":{"allow":["GET"]}}],"collection":[{"href":"https:\/\/www.vulcanooceancharter.com\/en\/wp-json\/wp\/v2\/pages"}],"about":[{"href":"https:\/\/www.vulcanooceancharter.com\/en\/wp-json\/wp\/v2\/types\/page"}],"author":[{"embeddable":true,"href":"https:\/\/www.vulcanooceancharter.com\/en\/wp-json\/wp\/v2\/users\/1"}],"replies":[{"embeddable":true,"href":"https:\/\/www.vulcanooceancharter.com\/en\/wp-json\/wp\/v2\/comments?post=2051"}],"version-history":[{"count":1,"href":"https:\/\/www.vulcanooceancharter.com\/en\/wp-json\/wp\/v2\/pages\/2051\/revisions"}],"predecessor-version":[{"id":2052,"href":"https:\/\/www.vulcanooceancharter.com\/en\/wp-json\/wp\/v2\/pages\/2051\/revisions\/2052"}],"wp:attachment":[{"href":"https:\/\/www.vulcanooceancharter.com\/en\/wp-json\/wp\/v2\/media?parent=2051"}],"curies":[{"name":"wp","href":"https:\/\/api.w.org\/{rel}","templated":true}]}}