{"id":2055,"date":"2022-07-10T09:31:19","date_gmt":"2022-07-10T08:31:19","guid":{"rendered":"https:\/\/www.vulcanooceancharter.com\/aviso-legal\/"},"modified":"2024-02-21T15:45:13","modified_gmt":"2024-02-21T14:45:13","slug":"aviso-legal","status":"publish","type":"page","link":"https:\/\/www.vulcanooceancharter.com\/en\/aviso-legal\/","title":{"rendered":"Aviso legal"},"content":{"rendered":"\n<h3 class=\"wp-block-heading\"><strong>OBJETO<\/strong><\/h3>\n\n<p>Las presentes condiciones legales son establecidas por Vulcano Ocean Charter S.L con el fin de determinar los criterios y condiciones de uso de la p\u00e1gina web www.vulcanooceancharter.com<\/p>\n\n<p><strong>Datos del titular:<\/strong><\/p>\n\n<p>Seg\u00fan lo establecido en la ley de Sociedad de la informaci\u00f3n y comercio electr\u00f3nico, LSSICE 34\/2002, Vulcano Ocean Charter S.L, pone a disposici\u00f3n los datos del titular de la presente p\u00e1gina web.<\/p>\n\n<p>Identificaci\u00f3n y contacto:<\/p>\n\n<p><strong>Vulcano Ocean Charter S.L<\/strong><\/p>\n\n<p>B16781916<\/p>\n\n<p>639869575<\/p>\n\n<p>vulcanooceancharter@gmail.com<\/p>\n\n<p>INSCRITO EN EL REGISTRO MERCANTIL: (A cumplimentar por la empresa).<\/p>\n\n<p>Al navegar por este sitio web el navegante adquiere la condici\u00f3n de usuario; el usuario acepta las condiciones de uso planteadas, Vulcano Ocean Charter S.L, se reserva el derecho a modificar en cualquier momento sus condiciones legales, as\u00ed como a realizar cualquier mejora t\u00e9cnica o visual que considere oportuno; si las modificaciones afectan a la privacidad de los usuarios, se avisar\u00e1 con antelaci\u00f3n a la entrada en vigor de los cambios.<\/p>\n\n<p>En cumplimiento Ley Org\u00e1nica de Protecci\u00f3n de Datos Personales y Garant\u00eda de los Derechos Digitales (LOPD-GDD 3\/2018) y con el Reglamento General de Protecci\u00f3n de Datos (RGPD UE 2016\/679) para poder atender sus consultas, cumplimente los campos obligatorios. No se ceder\u00e1n datos a terceros salvo obligaci\u00f3n legal o en el supuesto que sea necesario para atender su solicitud, en caso de cambios y modificaciones en sus datos deber\u00e1 comunicarlo. Pueden ejercitar sus derechos de acceso, rectificaci\u00f3n, supresi\u00f3n, limitaci\u00f3n, oposici\u00f3n y portabilidad a la siguiente direcci\u00f3n:<\/p>\n\n<p>vulcanooceancharter@gmail.com Avenida Francisco La Roche 7. Floor 2. Ofic A.38001.Santa Cruz de Tenerife. www.asaican.com<\/p>\n\n<h3 class=\"wp-block-heading\"><strong>POL\u00cdTICA DE ENLACES<\/strong><\/h3>\n\n<p>En esta web se han establecido enlaces a p\u00e1ginas de terceros con el fin de facilitar a los usuarios en acceso a distintas redes sociales y plataformas de internet Vulcano Ocean Charter S.L no se hace responsable de los contenidos, ofertas, productos o servicios que pudieran encontrarse.<\/p>\n\n<h3 class=\"wp-block-heading\"><strong>LEGISLACI\u00d3N APLICABLE<\/strong><\/h3>\n\n<p>Lo referente a Vulcano Ocean Charter S.L, y el usuario se llevar\u00e1 a cabo dentro de la normativa nacional vigente y cualquier controversia se sustanciar\u00e1 a trav\u00e9s de los Juzgados y Tribunales de Santa Cruz de Tenerife.<\/p>\n","protected":false},"excerpt":{"rendered":"<p>OBJETO Las presentes condiciones legales son establecidas por Vulcano Ocean Charter S.L con el fin de determinar los criterios y condiciones de uso de la p\u00e1gina web www.vulcanooceancharter.com Datos del titular: Seg\u00fan lo establecido en la ley de Sociedad de la informaci\u00f3n y comercio electr\u00f3nico, LSSICE 34\/2002, Vulcano Ocean Charter S.L, pone a disposici\u00f3n los<a class=\"more-link\" href=\"https:\/\/www.vulcanooceancharter.com\/en\/aviso-legal\/\">Read more  &#10230;<\/a><\/p>\n","protected":false},"author":1,"featured_media":0,"parent":0,"menu_order":0,"comment_status":"closed","ping_status":"closed","template":"page_texto.php","meta":{"_acf_changed":false,"_editorskit_title_hidden":false,"_editorskit_reading_time":0,"_editorskit_is_block_options_detached":false,"_editorskit_block_options_position":"{}","inline_featured_image":false,"footnotes":""},"class_list":["post-2055","page","type-page","status-publish","hentry"],"acf":[],"yoast_head":"<!-- This site is optimized with the Yoast SEO plugin v22.1 - https:\/\/yoast.com\/wordpress\/plugins\/seo\/ -->\n<title>Aviso legal - Vulcano Ocean Charter<\/title>\n<meta name=\"robots\" content=\"noindex, follow\" \/>\n<meta property=\"og:locale\" content=\"en_US\" \/>\n<meta property=\"og:type\" content=\"article\" \/>\n<meta property=\"og:title\" content=\"Aviso legal - Vulcano Ocean Charter\" \/>\n<meta property=\"og:description\" content=\"OBJETO Las presentes condiciones legales son establecidas por Vulcano Ocean Charter S.L con el fin de determinar los criterios y condiciones de uso de la p\u00e1gina web www.vulcanooceancharter.com Datos del titular: Seg\u00fan lo establecido en la ley de Sociedad de la informaci\u00f3n y comercio electr\u00f3nico, LSSICE 34\/2002, Vulcano Ocean Charter S.L, pone a disposici\u00f3n losRead more &#10230;\" \/>\n<meta property=\"og:url\" content=\"https:\/\/www.vulcanooceancharter.com\/en\/aviso-legal\/\" \/>\n<meta property=\"og:site_name\" content=\"Vulcano Ocean Charter\" \/>\n<meta property=\"article:publisher\" content=\"https:\/\/www.facebook.com\/VulcanOceanCharter\/\" \/>\n<meta property=\"article:modified_time\" content=\"2024-02-21T14:45:13+00:00\" \/>\n<meta name=\"twitter:card\" content=\"summary_large_image\" \/>\n<meta name=\"twitter:label1\" content=\"Est. reading time\" \/>\n\t<meta name=\"twitter:data1\" content=\"2 minutes\" \/>\n<script type=\"application\/ld+json\" class=\"yoast-schema-graph\">{\"@context\":\"https:\/\/schema.org\",\"@graph\":[{\"@type\":\"WebPage\",\"@id\":\"https:\/\/www.vulcanooceancharter.com\/en\/aviso-legal\/\",\"url\":\"https:\/\/www.vulcanooceancharter.com\/en\/aviso-legal\/\",\"name\":\"Aviso legal - Vulcano Ocean Charter\",\"isPartOf\":{\"@id\":\"https:\/\/www.vulcanooceancharter.com\/en\/#website\"},\"datePublished\":\"2022-07-10T08:31:19+00:00\",\"dateModified\":\"2024-02-21T14:45:13+00:00\",\"breadcrumb\":{\"@id\":\"https:\/\/www.vulcanooceancharter.com\/en\/aviso-legal\/#breadcrumb\"},\"inLanguage\":\"en-US\",\"potentialAction\":[{\"@type\":\"ReadAction\",\"target\":[\"https:\/\/www.vulcanooceancharter.com\/en\/aviso-legal\/\"]}]},{\"@type\":\"BreadcrumbList\",\"@id\":\"https:\/\/www.vulcanooceancharter.com\/en\/aviso-legal\/#breadcrumb\",\"itemListElement\":[{\"@type\":\"ListItem\",\"position\":1,\"name\":\"Portada\",\"item\":\"https:\/\/www.vulcanooceancharter.com\/en\/\"},{\"@type\":\"ListItem\",\"position\":2,\"name\":\"Aviso legal\"}]},{\"@type\":\"WebSite\",\"@id\":\"https:\/\/www.vulcanooceancharter.com\/en\/#website\",\"url\":\"https:\/\/www.vulcanooceancharter.com\/en\/\",\"name\":\"Vulcano Ocean Charter\",\"description\":\"Reserva tu viaje en barco para ver los delfines y las ballenas en Tenerife\",\"publisher\":{\"@id\":\"https:\/\/www.vulcanooceancharter.com\/en\/#organization\"},\"potentialAction\":[{\"@type\":\"SearchAction\",\"target\":{\"@type\":\"EntryPoint\",\"urlTemplate\":\"https:\/\/www.vulcanooceancharter.com\/en\/?s={search_term_string}\"},\"query-input\":\"required name=search_term_string\"}],\"inLanguage\":\"en-US\"},{\"@type\":\"Organization\",\"@id\":\"https:\/\/www.vulcanooceancharter.com\/en\/#organization\",\"name\":\"Vulcano Ocean Charter\",\"url\":\"https:\/\/www.vulcanooceancharter.com\/en\/\",\"logo\":{\"@type\":\"ImageObject\",\"inLanguage\":\"en-US\",\"@id\":\"https:\/\/www.vulcanooceancharter.com\/en\/#\/schema\/logo\/image\/\",\"url\":\"https:\/\/www.vulcanooceancharter.com\/wp-content\/uploads\/2024\/01\/VOC-logoweb-160x50-1.png\",\"contentUrl\":\"https:\/\/www.vulcanooceancharter.com\/wp-content\/uploads\/2024\/01\/VOC-logoweb-160x50-1.png\",\"width\":160,\"height\":50,\"caption\":\"Vulcano Ocean Charter\"},\"image\":{\"@id\":\"https:\/\/www.vulcanooceancharter.com\/en\/#\/schema\/logo\/image\/\"},\"sameAs\":[\"https:\/\/www.facebook.com\/VulcanOceanCharter\/\",\"https:\/\/www.instagram.com\/vulcanoceancharter\/\"]}]}<\/script>\n<!-- \/ Yoast SEO plugin. -->","yoast_head_json":{"title":"Aviso legal - Vulcano Ocean Charter","robots":{"index":"noindex","follow":"follow"},"og_locale":"en_US","og_type":"article","og_title":"Aviso legal - Vulcano Ocean Charter","og_description":"OBJETO Las presentes condiciones legales son establecidas por Vulcano Ocean Charter S.L con el fin de determinar los criterios y condiciones de uso de la p\u00e1gina web www.vulcanooceancharter.com Datos del titular: Seg\u00fan lo establecido en la ley de Sociedad de la informaci\u00f3n y comercio electr\u00f3nico, LSSICE 34\/2002, Vulcano Ocean Charter S.L, pone a disposici\u00f3n losRead more &#10230;","og_url":"https:\/\/www.vulcanooceancharter.com\/en\/aviso-legal\/","og_site_name":"Vulcano Ocean Charter","article_publisher":"https:\/\/www.facebook.com\/VulcanOceanCharter\/","article_modified_time":"2024-02-21T14:45:13+00:00","twitter_card":"summary_large_image","twitter_misc":{"Est. reading time":"2 minutes"},"schema":{"@context":"https:\/\/schema.org","@graph":[{"@type":"WebPage","@id":"https:\/\/www.vulcanooceancharter.com\/en\/aviso-legal\/","url":"https:\/\/www.vulcanooceancharter.com\/en\/aviso-legal\/","name":"Aviso legal - Vulcano Ocean Charter","isPartOf":{"@id":"https:\/\/www.vulcanooceancharter.com\/en\/#website"},"datePublished":"2022-07-10T08:31:19+00:00","dateModified":"2024-02-21T14:45:13+00:00","breadcrumb":{"@id":"https:\/\/www.vulcanooceancharter.com\/en\/aviso-legal\/#breadcrumb"},"inLanguage":"en-US","potentialAction":[{"@type":"ReadAction","target":["https:\/\/www.vulcanooceancharter.com\/en\/aviso-legal\/"]}]},{"@type":"BreadcrumbList","@id":"https:\/\/www.vulcanooceancharter.com\/en\/aviso-legal\/#breadcrumb","itemListElement":[{"@type":"ListItem","position":1,"name":"Portada","item":"https:\/\/www.vulcanooceancharter.com\/en\/"},{"@type":"ListItem","position":2,"name":"Aviso legal"}]},{"@type":"WebSite","@id":"https:\/\/www.vulcanooceancharter.com\/en\/#website","url":"https:\/\/www.vulcanooceancharter.com\/en\/","name":"Vulcano Ocean Charter","description":"Reserva tu viaje en barco para ver los delfines y las ballenas en Tenerife","publisher":{"@id":"https:\/\/www.vulcanooceancharter.com\/en\/#organization"},"potentialAction":[{"@type":"SearchAction","target":{"@type":"EntryPoint","urlTemplate":"https:\/\/www.vulcanooceancharter.com\/en\/?s={search_term_string}"},"query-input":"required name=search_term_string"}],"inLanguage":"en-US"},{"@type":"Organization","@id":"https:\/\/www.vulcanooceancharter.com\/en\/#organization","name":"Vulcano Ocean Charter","url":"https:\/\/www.vulcanooceancharter.com\/en\/","logo":{"@type":"ImageObject","inLanguage":"en-US","@id":"https:\/\/www.vulcanooceancharter.com\/en\/#\/schema\/logo\/image\/","url":"https:\/\/www.vulcanooceancharter.com\/wp-content\/uploads\/2024\/01\/VOC-logoweb-160x50-1.png","contentUrl":"https:\/\/www.vulcanooceancharter.com\/wp-content\/uploads\/2024\/01\/VOC-logoweb-160x50-1.png","width":160,"height":50,"caption":"Vulcano Ocean Charter"},"image":{"@id":"https:\/\/www.vulcanooceancharter.com\/en\/#\/schema\/logo\/image\/"},"sameAs":["https:\/\/www.facebook.com\/VulcanOceanCharter\/","https:\/\/www.instagram.com\/vulcanoceancharter\/"]}]}},"_links":{"self":[{"href":"https:\/\/www.vulcanooceancharter.com\/en\/wp-json\/wp\/v2\/pages\/2055","targetHints":{"allow":["GET"]}}],"collection":[{"href":"https:\/\/www.vulcanooceancharter.com\/en\/wp-json\/wp\/v2\/pages"}],"about":[{"href":"https:\/\/www.vulcanooceancharter.com\/en\/wp-json\/wp\/v2\/types\/page"}],"author":[{"embeddable":true,"href":"https:\/\/www.vulcanooceancharter.com\/en\/wp-json\/wp\/v2\/users\/1"}],"replies":[{"embeddable":true,"href":"https:\/\/www.vulcanooceancharter.com\/en\/wp-json\/wp\/v2\/comments?post=2055"}],"version-history":[{"count":1,"href":"https:\/\/www.vulcanooceancharter.com\/en\/wp-json\/wp\/v2\/pages\/2055\/revisions"}],"predecessor-version":[{"id":2056,"href":"https:\/\/www.vulcanooceancharter.com\/en\/wp-json\/wp\/v2\/pages\/2055\/revisions\/2056"}],"wp:attachment":[{"href":"https:\/\/www.vulcanooceancharter.com\/en\/wp-json\/wp\/v2\/media?parent=2055"}],"curies":[{"name":"wp","href":"https:\/\/api.w.org\/{rel}","templated":true}]}}